{"id":78,"date":"2025-04-11T17:22:22","date_gmt":"2025-04-11T17:22:22","guid":{"rendered":"https:\/\/matthiasbrichac.d01.sberndt.it\/?page_id=78"},"modified":"2025-04-14T10:30:21","modified_gmt":"2025-04-14T10:30:21","slug":"impressum","status":"publish","type":"page","link":"https:\/\/matthiasbrichac.d01.sberndt.it\/?page_id=78","title":{"rendered":"Impressum"},"content":{"rendered":"<p>[et_pb_section fb_built=&#8220;1&#8243; admin_label=&#8220;Page Title Section&#8220; _builder_version=&#8220;4.27.4&#8243; use_background_color_gradient=&#8220;on&#8220; background_color_gradient_stops=&#8220;#36413a 0%|rgba(54,65,58,0.3) 100%&#8220; background_color_gradient_overlays_image=&#8220;on&#8220; background_color_gradient_start=&#8220;#313e47&#8243; background_color_gradient_end=&#8220;rgba(49,62,71,0.5)&#8220; background_image=&#8220;https:\/\/matthiasbrichac.d01.sberndt.it\/wp-content\/uploads\/2025\/04\/law-firm-28.jpg&#8220; custom_padding=&#8220;120px||120px|&#8220; global_colors_info=&#8220;{}&#8220;][et_pb_row admin_label=&#8220;Page Title Area&#8220; _builder_version=&#8220;4.16&#8243; background_size=&#8220;initial&#8220; background_position=&#8220;top_left&#8220; background_repeat=&#8220;repeat&#8220; global_colors_info=&#8220;{}&#8220;][et_pb_column type=&#8220;4_4&#8243; _builder_version=&#8220;4.16&#8243; custom_padding=&#8220;|||&#8220; global_colors_info=&#8220;{}&#8220; custom_padding__hover=&#8220;|||&#8220;][et_pb_text admin_label=&#8220;Page Title&#8220; _builder_version=&#8220;4.27.4&#8243; text_font=&#8220;||||||||&#8220; text_text_color=&#8220;#ffffff&#8220; text_font_size=&#8220;18px&#8220; text_line_height=&#8220;2em&#8220; header_font=&#8220;Radley Ragular||||||||&#8220; header_font_size=&#8220;60px&#8220; header_line_height=&#8220;1.6em&#8220; text_orientation=&#8220;center&#8220; background_layout=&#8220;dark&#8220; max_width=&#8220;700px&#8220; module_alignment=&#8220;center&#8220; custom_margin=&#8220;||10px|&#8220; animation_style=&#8220;fade&#8220; header_font_size_tablet=&#8220;40px&#8220; header_font_size_phone=&#8220;&#8220; header_font_size_last_edited=&#8220;on|desktop&#8220; global_colors_info=&#8220;{}&#8220;]<\/p>\n<h1>Impressum<\/h1>\n<p>[\/et_pb_text][\/et_pb_column][\/et_pb_row][\/et_pb_section][et_pb_section fb_built=&#8220;1&#8243; admin_label=&#8220;Project Section 01&#8243; _builder_version=&#8220;4.27.4&#8243; custom_padding=&#8220;|||&#8220; border_color_all=&#8220;#36413A&#8220; border_width_left=&#8220;8vw&#8220; global_colors_info=&#8220;{}&#8220;][et_pb_row column_structure=&#8220;1_2,1_2&#8243; admin_label=&#8220;Project Area 01&#8243; module_class=&#8220; et_pb_row_fullwidth&#8220; _builder_version=&#8220;4.16&#8243; width=&#8220;89%&#8220; width_tablet=&#8220;80%&#8220; width_phone=&#8220;80%&#8220; width_last_edited=&#8220;on|desktop&#8220; max_width=&#8220;89%&#8220; max_width_tablet=&#8220;80%&#8220; max_width_phone=&#8220;80%&#8220; max_width_last_edited=&#8220;on|desktop&#8220; make_fullwidth=&#8220;on&#8220; global_colors_info=&#8220;{}&#8220;][et_pb_column type=&#8220;1_2&#8243; _builder_version=&#8220;4.16&#8243; custom_padding=&#8220;|||&#8220; global_colors_info=&#8220;{}&#8220; custom_padding__hover=&#8220;|||&#8220;][et_pb_text admin_label=&#8220;Title&#8220; _builder_version=&#8220;4.27.4&#8243; text_font=&#8220;||||||||&#8220; header_font=&#8220;||||||||&#8220; header_2_font=&#8220;Radley Ragular||||||||&#8220; header_2_font_size=&#8220;36px&#8220; header_2_line_height=&#8220;1.6em&#8220; custom_margin=&#8220;||10px|&#8220; animation_style=&#8220;slide&#8220; animation_direction=&#8220;top&#8220; animation_intensity_slide=&#8220;5%&#8220; animation_starting_opacity=&#8220;100%&#8220; global_colors_info=&#8220;{}&#8220;]<\/p>\n<h2>Impressum<\/h2>\n<p>[\/et_pb_text][et_pb_divider color=&#8220;#BC905B&#8220; divider_position=&#8220;center&#8220; divider_weight=&#8220;3px&#8220; _builder_version=&#8220;4.27.4&#8243; max_width=&#8220;70px&#8220; animation_style=&#8220;slide&#8220; animation_direction=&#8220;top&#8220; animation_intensity_slide=&#8220;10%&#8220; animation_starting_opacity=&#8220;100%&#8220; global_colors_info=&#8220;{}&#8220;][\/et_pb_divider][\/et_pb_column][et_pb_column type=&#8220;1_2&#8243; _builder_version=&#8220;4.16&#8243; custom_padding=&#8220;|||&#8220; global_colors_info=&#8220;{}&#8220; custom_padding__hover=&#8220;|||&#8220;][\/et_pb_column][\/et_pb_row][et_pb_row column_structure=&#8220;2_3,1_3&#8243; admin_label=&#8220;Project Area 01&#8243; module_class=&#8220; et_pb_row_fullwidth&#8220; _builder_version=&#8220;4.27.4&#8243; width=&#8220;89%&#8220; width_tablet=&#8220;80%&#8220; width_phone=&#8220;80%&#8220; width_last_edited=&#8220;on|desktop&#8220; max_width=&#8220;89%&#8220; max_width_tablet=&#8220;80%&#8220; max_width_phone=&#8220;80%&#8220; max_width_last_edited=&#8220;on|desktop&#8220; custom_padding=&#8220;0px||||false|false&#8220; make_fullwidth=&#8220;on&#8220; global_colors_info=&#8220;{}&#8220;][et_pb_column type=&#8220;2_3&#8243; _builder_version=&#8220;4.16&#8243; custom_padding=&#8220;|||&#8220; global_colors_info=&#8220;{}&#8220; custom_padding__hover=&#8220;|||&#8220;][et_pb_text _builder_version=&#8220;4.27.4&#8243; text_font=&#8220;||||||||&#8220; text_font_size=&#8220;16px&#8220; text_line_height=&#8220;2em&#8220; animation_style=&#8220;fade&#8220; hover_enabled=&#8220;0&#8243; global_colors_info=&#8220;{}&#8220; sticky_enabled=&#8220;0&#8243;]<\/p>\n<p data-start=\"145\" data-end=\"256\" class=\"\"><strong data-start=\"145\" data-end=\"171\">Angaben gem\u00e4\u00df \u00a7 5 TMG:<\/strong><br data-start=\"171\" data-end=\"174\" \/>Matthias Brichac<br data-start=\"190\" data-end=\"193\" \/>Einzelunternehmen<br data-start=\"210\" data-end=\"213\" \/>Gustavstra\u00dfe 10<br data-start=\"228\" data-end=\"231\" \/>90762 F\u00fcrth<br data-start=\"242\" data-end=\"245\" \/>Deutschland<\/p>\n<p data-start=\"258\" data-end=\"332\" class=\"\"><strong data-start=\"258\" data-end=\"270\">Kontakt:<\/strong><br data-start=\"270\" data-end=\"273\" \/>Telefon: +49 1525 7230222<br data-start=\"298\" data-end=\"301\" \/>E-Mail: <a data-start=\"309\" data-end=\"332\" rel=\"noopener\">info@matthiasbrichac.de<\/a><\/p>\n<p data-start=\"334\" data-end=\"460\" class=\"\"><strong data-start=\"334\" data-end=\"354\">Umsatzsteuer-ID:<\/strong><br data-start=\"354\" data-end=\"357\" \/>Umsatzsteuer-Identifikationsnummer gem\u00e4\u00df \u00a7 27 a Umsatzsteuergesetz: <em data-start=\"425\" data-end=\"460\">(bitte erg\u00e4nzen, falls vorhanden)<\/em><\/p>\n<p data-start=\"462\" data-end=\"569\" class=\"\"><strong data-start=\"462\" data-end=\"518\">Verantwortlich f\u00fcr den Inhalt nach \u00a7 55 Abs. 2 RStV:<\/strong><br data-start=\"518\" data-end=\"521\" \/>Matthias Brichac<br data-start=\"537\" data-end=\"540\" \/>Gustavstra\u00dfe 10<br data-start=\"555\" data-end=\"558\" \/>90762 F\u00fcrth<\/p>\n<p data-start=\"571\" data-end=\"787\" class=\"\"><strong data-start=\"571\" data-end=\"594\">Haftungsausschluss:<\/strong><br data-start=\"594\" data-end=\"597\" \/>Trotz sorgf\u00e4ltiger inhaltlicher Kontrolle \u00fcbernehme ich keine Haftung f\u00fcr die Inhalte externer Links. F\u00fcr den Inhalt der verlinkten Seiten sind ausschlie\u00dflich deren Betreiber verantwortlich.<\/p>\n<p data-start=\"789\" data-end=\"1135\" class=\"\"><strong data-start=\"789\" data-end=\"844\">Online-Streitbeilegung gem\u00e4\u00df Art. 14 Abs. 1 ODR-VO:<\/strong><br data-start=\"844\" data-end=\"847\" \/>Die Europ\u00e4ische Kommission stellt eine Plattform zur Online-Streitbeilegung (OS) bereit:<br data-start=\"935\" data-end=\"938\" \/><a data-start=\"938\" data-end=\"1010\" rel=\"noopener\" target=\"_new\" class=\"\" href=\"https:\/\/ec.europa.eu\/consumers\/odr\">https:\/\/ec.europa.eu\/consumers\/odr<\/a><br data-start=\"1010\" data-end=\"1013\" \/>Ich bin weder verpflichtet noch bereit, an Streitbeilegungsverfahren vor einer Verbraucherschlichtungsstelle teilzunehmen.<\/p>\n<p>[\/et_pb_text][\/et_pb_column][et_pb_column type=&#8220;1_3&#8243; _builder_version=&#8220;4.16&#8243; custom_padding=&#8220;|||&#8220; global_colors_info=&#8220;{}&#8220; custom_padding__hover=&#8220;|||&#8220;][\/et_pb_column][\/et_pb_row][\/et_pb_section]<\/p>\n","protected":false},"excerpt":{"rendered":"<p>ImpressumImpressumAngaben gem\u00e4\u00df \u00a7 5 TMG:Matthias BrichacEinzelunternehmenGustavstra\u00dfe 1090762 F\u00fcrthDeutschland Kontakt:Telefon: +49 1525 7230222E-Mail: info@matthiasbrichac.de Umsatzsteuer-ID:Umsatzsteuer-Identifikationsnummer gem\u00e4\u00df \u00a7 27 a Umsatzsteuergesetz: (bitte erg\u00e4nzen, falls vorhanden) Verantwortlich f\u00fcr den Inhalt nach \u00a7 55 Abs. 2 RStV:Matthias BrichacGustavstra\u00dfe 1090762 F\u00fcrth Haftungsausschluss:Trotz sorgf\u00e4ltiger inhaltlicher Kontrolle \u00fcbernehme ich keine Haftung f\u00fcr die Inhalte externer Links. F\u00fcr den Inhalt der verlinkten Seiten [&hellip;]<\/p>\n","protected":false},"author":1,"featured_media":0,"parent":0,"menu_order":0,"comment_status":"closed","ping_status":"closed","template":"","meta":{"_et_pb_use_builder":"on","_et_pb_old_content":"","_et_gb_content_width":"","footnotes":""},"class_list":["post-78","page","type-page","status-publish","hentry"],"_links":{"self":[{"href":"https:\/\/matthiasbrichac.d01.sberndt.it\/index.php?rest_route=\/wp\/v2\/pages\/78","targetHints":{"allow":["GET"]}}],"collection":[{"href":"https:\/\/matthiasbrichac.d01.sberndt.it\/index.php?rest_route=\/wp\/v2\/pages"}],"about":[{"href":"https:\/\/matthiasbrichac.d01.sberndt.it\/index.php?rest_route=\/wp\/v2\/types\/page"}],"author":[{"embeddable":true,"href":"https:\/\/matthiasbrichac.d01.sberndt.it\/index.php?rest_route=\/wp\/v2\/users\/1"}],"replies":[{"embeddable":true,"href":"https:\/\/matthiasbrichac.d01.sberndt.it\/index.php?rest_route=%2Fwp%2Fv2%2Fcomments&post=78"}],"version-history":[{"count":4,"href":"https:\/\/matthiasbrichac.d01.sberndt.it\/index.php?rest_route=\/wp\/v2\/pages\/78\/revisions"}],"predecessor-version":[{"id":127,"href":"https:\/\/matthiasbrichac.d01.sberndt.it\/index.php?rest_route=\/wp\/v2\/pages\/78\/revisions\/127"}],"wp:attachment":[{"href":"https:\/\/matthiasbrichac.d01.sberndt.it\/index.php?rest_route=%2Fwp%2Fv2%2Fmedia&parent=78"}],"curies":[{"name":"wp","href":"https:\/\/api.w.org\/{rel}","templated":true}]}}