{"id":82,"date":"2025-04-11T17:23:30","date_gmt":"2025-04-11T17:23:30","guid":{"rendered":"https:\/\/matthiasbrichac.d01.sberndt.it\/?page_id=82"},"modified":"2025-04-14T10:32:38","modified_gmt":"2025-04-14T10:32:38","slug":"datenschutz","status":"publish","type":"page","link":"https:\/\/matthiasbrichac.d01.sberndt.it\/?page_id=82","title":{"rendered":"Datenschutz"},"content":{"rendered":"<p>[et_pb_section fb_built=&#8220;1&#8243; admin_label=&#8220;Page Title Section&#8220; _builder_version=&#8220;4.27.4&#8243; use_background_color_gradient=&#8220;on&#8220; background_color_gradient_stops=&#8220;#36413a 0%|rgba(54,65,58,0.3) 100%&#8220; background_color_gradient_overlays_image=&#8220;on&#8220; background_color_gradient_start=&#8220;#313e47&#8243; background_color_gradient_end=&#8220;rgba(49,62,71,0.5)&#8220; background_image=&#8220;https:\/\/matthiasbrichac.d01.sberndt.it\/wp-content\/uploads\/2025\/04\/law-firm-28.jpg&#8220; custom_padding=&#8220;120px||120px|&#8220; global_colors_info=&#8220;{}&#8220;][et_pb_row admin_label=&#8220;Page Title Area&#8220; _builder_version=&#8220;4.16&#8243; background_size=&#8220;initial&#8220; background_position=&#8220;top_left&#8220; background_repeat=&#8220;repeat&#8220; global_colors_info=&#8220;{}&#8220;][et_pb_column type=&#8220;4_4&#8243; _builder_version=&#8220;4.16&#8243; custom_padding=&#8220;|||&#8220; global_colors_info=&#8220;{}&#8220; custom_padding__hover=&#8220;|||&#8220;][et_pb_text admin_label=&#8220;Page Title&#8220; _builder_version=&#8220;4.27.4&#8243; text_font=&#8220;||||||||&#8220; text_text_color=&#8220;#ffffff&#8220; text_font_size=&#8220;18px&#8220; text_line_height=&#8220;2em&#8220; header_font=&#8220;Radley Ragular||||||||&#8220; header_font_size=&#8220;60px&#8220; header_line_height=&#8220;1.6em&#8220; text_orientation=&#8220;center&#8220; background_layout=&#8220;dark&#8220; max_width=&#8220;700px&#8220; module_alignment=&#8220;center&#8220; custom_margin=&#8220;||10px|&#8220; animation_style=&#8220;fade&#8220; header_font_size_tablet=&#8220;40px&#8220; header_font_size_phone=&#8220;&#8220; header_font_size_last_edited=&#8220;on|desktop&#8220; global_colors_info=&#8220;{}&#8220;]<\/p>\n<h1>Datenschutz<\/h1>\n<p>[\/et_pb_text][\/et_pb_column][\/et_pb_row][\/et_pb_section][et_pb_section fb_built=&#8220;1&#8243; admin_label=&#8220;Project Section 01&#8243; _builder_version=&#8220;4.27.4&#8243; custom_padding=&#8220;|||&#8220; border_color_all=&#8220;#36413A&#8220; border_width_left=&#8220;8vw&#8220; global_colors_info=&#8220;{}&#8220;][et_pb_row column_structure=&#8220;1_2,1_2&#8243; admin_label=&#8220;Project Area 01&#8243; module_class=&#8220; et_pb_row_fullwidth&#8220; _builder_version=&#8220;4.16&#8243; width=&#8220;89%&#8220; width_tablet=&#8220;80%&#8220; width_phone=&#8220;80%&#8220; width_last_edited=&#8220;on|desktop&#8220; max_width=&#8220;89%&#8220; max_width_tablet=&#8220;80%&#8220; max_width_phone=&#8220;80%&#8220; max_width_last_edited=&#8220;on|desktop&#8220; make_fullwidth=&#8220;on&#8220; global_colors_info=&#8220;{}&#8220;][et_pb_column type=&#8220;1_2&#8243; _builder_version=&#8220;4.16&#8243; custom_padding=&#8220;|||&#8220; global_colors_info=&#8220;{}&#8220; custom_padding__hover=&#8220;|||&#8220;][et_pb_text admin_label=&#8220;Title&#8220; _builder_version=&#8220;4.27.4&#8243; text_font=&#8220;||||||||&#8220; header_font=&#8220;||||||||&#8220; header_2_font=&#8220;Radley Ragular||||||||&#8220; header_2_font_size=&#8220;36px&#8220; header_2_line_height=&#8220;1.6em&#8220; custom_margin=&#8220;||10px|&#8220; animation_style=&#8220;slide&#8220; animation_direction=&#8220;top&#8220; animation_intensity_slide=&#8220;5%&#8220; animation_starting_opacity=&#8220;100%&#8220; global_colors_info=&#8220;{}&#8220;]<\/p>\n<h2>Datenschutz<\/h2>\n<p>[\/et_pb_text][et_pb_divider color=&#8220;#BC905B&#8220; divider_position=&#8220;center&#8220; divider_weight=&#8220;3px&#8220; _builder_version=&#8220;4.27.4&#8243; max_width=&#8220;70px&#8220; animation_style=&#8220;slide&#8220; animation_direction=&#8220;top&#8220; animation_intensity_slide=&#8220;10%&#8220; animation_starting_opacity=&#8220;100%&#8220; global_colors_info=&#8220;{}&#8220;][\/et_pb_divider][\/et_pb_column][et_pb_column type=&#8220;1_2&#8243; _builder_version=&#8220;4.16&#8243; custom_padding=&#8220;|||&#8220; global_colors_info=&#8220;{}&#8220; custom_padding__hover=&#8220;|||&#8220;][\/et_pb_column][\/et_pb_row][et_pb_row column_structure=&#8220;2_3,1_3&#8243; admin_label=&#8220;Project Area 01&#8243; module_class=&#8220; et_pb_row_fullwidth&#8220; _builder_version=&#8220;4.27.4&#8243; width=&#8220;89%&#8220; width_tablet=&#8220;80%&#8220; width_phone=&#8220;80%&#8220; width_last_edited=&#8220;on|desktop&#8220; max_width=&#8220;89%&#8220; max_width_tablet=&#8220;80%&#8220; max_width_phone=&#8220;80%&#8220; max_width_last_edited=&#8220;on|desktop&#8220; custom_padding=&#8220;0px||||false|false&#8220; make_fullwidth=&#8220;on&#8220; global_colors_info=&#8220;{}&#8220;][et_pb_column type=&#8220;2_3&#8243; _builder_version=&#8220;4.16&#8243; custom_padding=&#8220;|||&#8220; global_colors_info=&#8220;{}&#8220; custom_padding__hover=&#8220;|||&#8220;][et_pb_text _builder_version=&#8220;4.27.4&#8243; text_font=&#8220;||||||||&#8220; text_font_size=&#8220;16px&#8220; text_line_height=&#8220;2em&#8220; animation_style=&#8220;fade&#8220; hover_enabled=&#8220;0&#8243; global_colors_info=&#8220;{}&#8220; sticky_enabled=&#8220;0&#8243;]<\/p>\n<h3 data-start=\"284\" data-end=\"314\" class=\"\">1. <strong data-start=\"291\" data-end=\"314\">Allgemeine Hinweise<\/strong><\/h3>\n<p data-start=\"315\" data-end=\"530\" class=\"\">Der Schutz Ihrer pers\u00f6nlichen Daten ist mir ein besonderes Anliegen. Ich behandle Ihre personenbezogenen Daten vertraulich und entsprechend den gesetzlichen Datenschutzvorschriften sowie dieser Datenschutzerkl\u00e4rung.<\/p>\n<p data-start=\"532\" data-end=\"649\" class=\"\">Diese Erkl\u00e4rung informiert Sie dar\u00fcber, welche Daten beim Besuch meiner Website erfasst und wie sie verwendet werden.<\/p>\n<h3 data-start=\"656\" data-end=\"683\" class=\"\">2. <strong data-start=\"663\" data-end=\"683\">Verantwortlicher<\/strong><\/h3>\n<p data-start=\"684\" data-end=\"832\" class=\"\"><strong data-start=\"684\" data-end=\"704\">Matthias Brichac<\/strong><br data-start=\"704\" data-end=\"707\" \/>Einzelunternehmen<br data-start=\"724\" data-end=\"727\" \/>Gustavstra\u00dfe 10<br data-start=\"742\" data-end=\"745\" \/>90762 F\u00fcrth<br data-start=\"756\" data-end=\"759\" \/>Deutschland<br data-start=\"770\" data-end=\"773\" \/>Telefon: +49 1525 7230222<br data-start=\"798\" data-end=\"801\" \/>E-Mail: <a data-start=\"809\" data-end=\"832\" rel=\"noopener\">info@matthiasbrichac.de<\/a><\/p>\n<h3 data-start=\"839\" data-end=\"899\" class=\"\">3. <strong data-start=\"846\" data-end=\"899\">Erhebung und Verarbeitung personenbezogener Daten<\/strong><\/h3>\n<p data-start=\"900\" data-end=\"989\" class=\"\">Beim Besuch dieser Website werden automatisch folgende Daten durch den Webserver erfasst:<\/p>\n<ul data-start=\"991\" data-end=\"1184\">\n<li data-start=\"991\" data-end=\"1028\" class=\"\">\n<p data-start=\"993\" data-end=\"1028\" class=\"\">IP-Adresse des anfragenden Ger\u00e4ts<\/p>\n<\/li>\n<li data-start=\"1029\" data-end=\"1063\" class=\"\">\n<p data-start=\"1031\" data-end=\"1063\" class=\"\">Datum und Uhrzeit des Zugriffs<\/p>\n<\/li>\n<li data-start=\"1064\" data-end=\"1106\" class=\"\">\n<p data-start=\"1066\" data-end=\"1106\" class=\"\">Besuchte Seiten \/ angeforderte Dateien<\/p>\n<\/li>\n<li data-start=\"1107\" data-end=\"1139\" class=\"\">\n<p data-start=\"1109\" data-end=\"1139\" class=\"\">Menge der \u00fcbertragenen Daten<\/p>\n<\/li>\n<li data-start=\"1140\" data-end=\"1167\" class=\"\">\n<p data-start=\"1142\" data-end=\"1167\" class=\"\">Browsertyp und -version<\/p>\n<\/li>\n<li data-start=\"1168\" data-end=\"1184\" class=\"\">\n<p data-start=\"1170\" data-end=\"1184\" class=\"\">Betriebssystem<\/p>\n<\/li>\n<\/ul>\n<p data-start=\"1186\" data-end=\"1439\" class=\"\">Diese Daten werden zur Sicherstellung des st\u00f6rungsfreien Betriebs und zur Verbesserung des Angebots ausgewertet, jedoch nicht verwendet, um R\u00fcckschl\u00fcsse auf Ihre Person zu ziehen. Eine Zusammenf\u00fchrung dieser Daten mit anderen Datenquellen erfolgt nicht.<\/p>\n<h3 data-start=\"1446\" data-end=\"1472\" class=\"\">4. <strong data-start=\"1453\" data-end=\"1472\">Kontaktaufnahme<\/strong><\/h3>\n<p data-start=\"1473\" data-end=\"1732\" class=\"\">Wenn Sie per E-Mail Kontakt mit mir aufnehmen, werden Ihre angegebenen Daten (z.\u202fB. Name, E-Mail-Adresse, Telefonnummer) zwecks Bearbeitung der Anfrage und f\u00fcr den Fall von Anschlussfragen gespeichert. Diese Daten gebe ich nicht ohne Ihre Einwilligung weiter.<\/p>\n<h3 data-start=\"1739\" data-end=\"1763\" class=\"\">5. <strong data-start=\"1746\" data-end=\"1763\">Speicherdauer<\/strong><\/h3>\n<p data-start=\"1764\" data-end=\"1937\" class=\"\">Ihre personenbezogenen Daten werden nur so lange gespeichert, wie dies zur Erreichung der genannten Zwecke erforderlich ist oder gesetzliche Aufbewahrungspflichten bestehen.<\/p>\n<h3 data-start=\"1944\" data-end=\"1986\" class=\"\">6. <strong data-start=\"1951\" data-end=\"1986\">Rechte der betroffenen Personen<\/strong><\/h3>\n<p data-start=\"1987\" data-end=\"2021\" class=\"\">Sie haben jederzeit das Recht auf:<\/p>\n<ul data-start=\"2023\" data-end=\"2300\">\n<li data-start=\"2023\" data-end=\"2083\" class=\"\">\n<p data-start=\"2025\" data-end=\"2083\" class=\"\">Auskunft \u00fcber Ihre gespeicherten personenbezogenen Daten<\/p>\n<\/li>\n<li data-start=\"2084\" data-end=\"2118\" class=\"\">\n<p data-start=\"2086\" data-end=\"2118\" class=\"\">Berichtigung unrichtiger Daten<\/p>\n<\/li>\n<li data-start=\"2119\" data-end=\"2203\" class=\"\">\n<p data-start=\"2121\" data-end=\"2203\" class=\"\">L\u00f6schung Ihrer Daten (sofern keine gesetzlichen Aufbewahrungspflichten bestehen)<\/p>\n<\/li>\n<li data-start=\"2204\" data-end=\"2238\" class=\"\">\n<p data-start=\"2206\" data-end=\"2238\" class=\"\">Einschr\u00e4nkung der Verarbeitung<\/p>\n<\/li>\n<li data-start=\"2239\" data-end=\"2277\" class=\"\">\n<p data-start=\"2241\" data-end=\"2277\" class=\"\">Widerspruch gegen die Verarbeitung<\/p>\n<\/li>\n<li data-start=\"2278\" data-end=\"2300\" class=\"\">\n<p data-start=\"2280\" data-end=\"2300\" class=\"\">Daten\u00fcbertragbarkeit<\/p>\n<\/li>\n<\/ul>\n<p data-start=\"2302\" data-end=\"2362\" class=\"\">Bitte wenden Sie sich hierzu an: <strong data-start=\"2335\" data-end=\"2362\"><a data-start=\"2337\" data-end=\"2360\" rel=\"noopener\">info@matthiasbrichac.de<\/a><\/strong><\/p>\n<h3 data-start=\"2369\" data-end=\"2395\" class=\"\">7. <strong data-start=\"2376\" data-end=\"2395\">Beschwerderecht<\/strong><\/h3>\n<p data-start=\"2396\" data-end=\"2582\" class=\"\">Wenn Sie der Ansicht sind, dass die Verarbeitung Ihrer Daten gegen das Datenschutzrecht verst\u00f6\u00dft, k\u00f6nnen Sie sich bei der zust\u00e4ndigen Aufsichtsbeh\u00f6rde beschweren. In Bayern ist dies das:<\/p>\n<p data-start=\"2584\" data-end=\"2729\" class=\"\"><strong data-start=\"2584\" data-end=\"2641\">Bayerische Landesamt f\u00fcr Datenschutzaufsicht (BayLDA)<\/strong><br data-start=\"2641\" data-end=\"2644\" \/>Promenade 18<br data-start=\"2656\" data-end=\"2659\" \/>91522 Ansbach<br data-start=\"2672\" data-end=\"2675\" \/><a data-start=\"2675\" data-end=\"2729\" rel=\"noopener\" target=\"_new\" class=\"\" href=\"https:\/\/www.lda.bayern.de\/\">https:\/\/www.lda.bayern.de<\/a><\/p>\n<h3 data-start=\"2736\" data-end=\"2776\" class=\"\">8. <strong data-start=\"2743\" data-end=\"2776\">SSL- bzw. TLS-Verschl\u00fcsselung<\/strong><\/h3>\n<p data-start=\"2777\" data-end=\"2964\" class=\"\">Diese Website nutzt aus Sicherheitsgr\u00fcnden eine SSL- bzw. TLS-Verschl\u00fcsselung. Sie erkennen eine verschl\u00fcsselte Verbindung daran, dass die Adresszeile des Browsers mit \u201ehttps:\/\/\u201c beginnt.<\/p>\n<h3 data-start=\"2971\" data-end=\"3015\" class=\"\">9. <strong data-start=\"2978\" data-end=\"3015\">\u00c4nderung der Datenschutzerkl\u00e4rung<\/strong><\/h3>\n<p data-start=\"3016\" data-end=\"3158\" class=\"\">Ich behalte mir vor, diese Datenschutzerkl\u00e4rung bei Bedarf anzupassen, z.\u202fB. bei rechtlichen \u00c4nderungen oder neuen Funktionen auf der Website.<\/p>\n<p>[\/et_pb_text][\/et_pb_column][et_pb_column type=&#8220;1_3&#8243; _builder_version=&#8220;4.16&#8243; custom_padding=&#8220;|||&#8220; global_colors_info=&#8220;{}&#8220; custom_padding__hover=&#8220;|||&#8220;][\/et_pb_column][\/et_pb_row][\/et_pb_section]<\/p>\n","protected":false},"excerpt":{"rendered":"<p>DatenschutzDatenschutz1. Allgemeine Hinweise Der Schutz Ihrer pers\u00f6nlichen Daten ist mir ein besonderes Anliegen. Ich behandle Ihre personenbezogenen Daten vertraulich und entsprechend den gesetzlichen Datenschutzvorschriften sowie dieser Datenschutzerkl\u00e4rung. Diese Erkl\u00e4rung informiert Sie dar\u00fcber, welche Daten beim Besuch meiner Website erfasst und wie sie verwendet werden. 2. Verantwortlicher Matthias BrichacEinzelunternehmenGustavstra\u00dfe 1090762 F\u00fcrthDeutschlandTelefon: +49 1525 7230222E-Mail: info@matthiasbrichac.de 3. [&hellip;]<\/p>\n","protected":false},"author":1,"featured_media":0,"parent":0,"menu_order":0,"comment_status":"closed","ping_status":"closed","template":"","meta":{"_et_pb_use_builder":"on","_et_pb_old_content":"","_et_gb_content_width":"","footnotes":""},"class_list":["post-82","page","type-page","status-publish","hentry"],"_links":{"self":[{"href":"https:\/\/matthiasbrichac.d01.sberndt.it\/index.php?rest_route=\/wp\/v2\/pages\/82","targetHints":{"allow":["GET"]}}],"collection":[{"href":"https:\/\/matthiasbrichac.d01.sberndt.it\/index.php?rest_route=\/wp\/v2\/pages"}],"about":[{"href":"https:\/\/matthiasbrichac.d01.sberndt.it\/index.php?rest_route=\/wp\/v2\/types\/page"}],"author":[{"embeddable":true,"href":"https:\/\/matthiasbrichac.d01.sberndt.it\/index.php?rest_route=\/wp\/v2\/users\/1"}],"replies":[{"embeddable":true,"href":"https:\/\/matthiasbrichac.d01.sberndt.it\/index.php?rest_route=%2Fwp%2Fv2%2Fcomments&post=82"}],"version-history":[{"count":5,"href":"https:\/\/matthiasbrichac.d01.sberndt.it\/index.php?rest_route=\/wp\/v2\/pages\/82\/revisions"}],"predecessor-version":[{"id":130,"href":"https:\/\/matthiasbrichac.d01.sberndt.it\/index.php?rest_route=\/wp\/v2\/pages\/82\/revisions\/130"}],"wp:attachment":[{"href":"https:\/\/matthiasbrichac.d01.sberndt.it\/index.php?rest_route=%2Fwp%2Fv2%2Fmedia&parent=82"}],"curies":[{"name":"wp","href":"https:\/\/api.w.org\/{rel}","templated":true}]}}